{"id":76,"date":"2021-10-13T11:54:04","date_gmt":"2021-10-13T11:54:04","guid":{"rendered":"http:\/\/demo.zerbilisim.com\/alba\/?page_id=76"},"modified":"2022-01-12T13:46:32","modified_gmt":"2022-01-12T13:46:32","slug":"misyon","status":"publish","type":"page","link":"http:\/\/demo.zerbilisim.com\/alba\/misyon\/","title":{"rendered":"Misyon&#038;Vizyon"},"content":{"rendered":"<div class=\"vce-row-container\" data-vce-boxed-width=\"true\"><div class=\"vce-row vce-row--col-gap-30 vce-row-equal-height vce-row-content--top\" id=\"el-9c193f07\" data-vce-do-apply=\"all el-9c193f07\"><div class=\"vce-row-content\" data-vce-element-content=\"true\"><div class=\"vce-col vce-col--md-auto vce-col--xs-1 vce-col--xs-last vce-col--xs-first vce-col--sm-last vce-col--sm-first vce-col--md-last vce-col--lg-last vce-col--xl-last vce-col--md-first vce-col--lg-first vce-col--xl-first\" id=\"el-549144b7\"><div class=\"vce-col-inner\" data-vce-do-apply=\"border margin background  el-549144b7\"><div class=\"vce-col-content\" data-vce-element-content=\"true\" data-vce-do-apply=\"padding el-549144b7\"><div class=\"vce-single-image-container vce-single-image--align-left\"><div class=\"vce vce-single-image-wrapper\" id=\"el-36ea1747\" data-vce-do-apply=\"all el-36ea1747\"><figure><div class=\"vce-single-image-inner vce-single-image--absolute\" style=\"padding-bottom: 52.2461%; width: 1024px;\"><img loading=\"lazy\" class=\"vce-single-image vcv-lozad\" data-src=\"http:\/\/demo.zerbilisim.com\/alba\/wp-content\/uploads\/2021\/12\/hakkimizda-1.png\" width=\"1024\" height=\"535\" src=\"\" data-img-src=\"http:\/\/demo.zerbilisim.com\/alba\/wp-content\/uploads\/2021\/12\/hakkimizda-1.png\" alt=\"\" title=\"hakkimizda\" \/><noscript>\n        <img loading=\"lazy\" class=\"vce-single-image\" src=\"http:\/\/demo.zerbilisim.com\/alba\/wp-content\/uploads\/2021\/12\/hakkimizda-1.png\" width=\"1024\" height=\"535\" alt=\"\" title=\"hakkimizda\" \/>\n      <\/noscript><\/div><figcaption hidden=\"\"><\/figcaption><\/figure><\/div><\/div><\/div><\/div><\/div><\/div><\/div><\/div><div class=\"vce-row-container\" data-vce-boxed-width=\"true\"><div class=\"vce-row vce-row--col-gap-30 vce-row-equal-height vce-row-content--top\" id=\"el-89d4e16e\" data-vce-do-apply=\"all el-89d4e16e\"><div class=\"vce-row-content\" data-vce-element-content=\"true\"><div class=\"vce-col vce-col--md-auto vce-col--xs-1 vce-col--xs-last vce-col--xs-first vce-col--sm-last vce-col--sm-first vce-col--md-last vce-col--lg-last vce-col--xl-last vce-col--md-first vce-col--lg-first vce-col--xl-first\" id=\"el-18bd5be7\"><div class=\"vce-col-inner\" data-vce-do-apply=\"border margin background  el-18bd5be7\"><div class=\"vce-col-content\" data-vce-element-content=\"true\" data-vce-do-apply=\"padding el-18bd5be7\"><div class=\"vce-text-block\"><div class=\"vce-text-block-wrapper vce\" id=\"el-51fbcd2e\" data-vce-do-apply=\"all el-51fbcd2e\"><h2 style=\"text-align: center;\">Misyon &amp; Vizyon<\/h2><p>Fakt\u00f6r Yap\u0131 , kuruldu\u011fu g\u00fcnden bu yana in\u015faat sekt\u00f6r\u00fcndeki faaliyetleri kapsam\u0131nda, anahtar teslim projeler, konut, hastane, okul, i\u015f merkezi, sosyal ve sportif tesisler, kamu binalar\u0131 ve her t\u00fcrl\u00fc alt yap\u0131 &nbsp;projeleri ger\u00e7ekle\u015ftirmektedir. Fakt\u00f6r Yap\u0131, kalite, g\u00fcvenilirlik, d\u00fcr\u00fcstl\u00fck ve m\u00fc\u015fterilerine hizmet de\u011ferleri rehberli\u011finde ba\u015far\u0131da s\u00fcreklili\u011fi yakalamakta; bunu s\u00fcrd\u00fcrmekte ve t\u00fcm sosyal payda\u015flar\u0131na bu co\u015fkuyu ya\u015fatmaktad\u0131r.<\/p><p><strong>T\u00fcrkiye ile&nbsp; \u00f6zde\u015f bir kurum<\/strong><\/p><p>Fakt\u00f6r Yap\u0131 , bulundu\u011fu ve katma de\u011fer kazand\u0131rd\u0131\u011f\u0131 \u015fehirle b\u00fct\u00fcnle\u015fmi\u015f, T\u00fcrkiye\u2019nin&nbsp; bir par\u00e7as\u0131 olma bilincinde, s\u00fcrekli \u00fcretmenin pe\u015finde ko\u015fan, sonu\u00e7 odakl\u0131 \u00e7al\u0131\u015fma prensibiyle hareket eden, sekt\u00f6r\u00fcn\u00fcn \u00f6nde gelen ve sayg\u0131n kurumlar\u0131ndan biridir.<\/p><p><strong>K\u00fclt\u00fcrel ve sosyal ya\u015fama maksimum destek<\/strong><\/p><p>Fakt\u00f6r Yap\u0131\u2019y\u0131 T\u00fcrkiye \u00f6l\u00e7ekli firma yapan en \u00f6nemli \u00f6zelli\u011fi, \u00e7evre bilincinin y\u00fcksek ve toplumsal de\u011ferlere sayg\u0131l\u0131 olmas\u0131 ve bu vizyonunu evrensel ilkelerle besleyebilmesidir. Kurumsal sosyal sorumlulu\u011funun bilincinde olan Fakt\u00f6r Yap\u0131, \u015fehrin ve yak\u0131n co\u011frafyas\u0131n\u0131n k\u00fclt\u00fcrel ve sosyal dinamiklerle donat\u0131lmas\u0131 i\u00e7in \u00e7al\u0131\u015fmaktad\u0131r.<\/p><p>Okullar ve her t\u00fcrl\u00fc e\u011fitim kamp\u00fcsleri, hastaneler,&nbsp; amat\u00f6r ve profesyonel futbol sahalar\u0131, belediye k\u00fclt\u00fcr binalar\u0131, kamu idari binalar\u0131, tiyatro binalar\u0131n\u0131n in\u015fa edilmesi gibi bir\u00e7ok projeye imza atm\u0131\u015ft\u0131r.<\/p><p>Odakland\u0131\u011f\u0131 her i\u015f ve projeyi ba\u015far\u0131yla ve zaman\u0131nda tamamlayan Fakt\u00f6r Yap\u0131, t\u00fcm dinamikleri ve&nbsp; olu\u015fturdu\u011fu i\u015f gelenekleri, sa\u011flam teknolojik ve insan kayna\u011f\u0131 yap\u0131s\u0131, rekabet g\u00fcc\u00fc ve herkes\u00e7e kabul g\u00f6rm\u00fc\u015f kurumsal de\u011ferleri ile d\u00fcn oldu\u011fu gibi, bug\u00fcn de ad\u0131ndan s\u0131k\u00e7a s\u00f6z ettirecek ve ba\u015fta \u00f6zde\u015f oldu\u011fu \u0130stanbul\u2019a ve t\u00fcm ya\u015fam alanlar\u0131na katma de\u011fer sa\u011flamaya devam edecektir.<\/p><p>&nbsp;<\/p><\/div><\/div><\/div><\/div><\/div><\/div><\/div><\/div>\n","protected":false},"excerpt":{"rendered":"<p>Misyon &amp; VizyonFakt\u00f6r Yap\u0131 , kuruldu\u011fu g\u00fcnden bu yana in\u015faat sekt\u00f6r\u00fcndeki faaliyetleri kapsam\u0131nda, anahtar teslim projeler, konut, hastane, okul, i\u015f merkezi, sosyal ve sportif tesisler, kamu binalar\u0131 ve her t\u00fcrl\u00fc [&hellip;]<\/p>\n","protected":false},"author":1,"featured_media":105,"parent":0,"menu_order":0,"comment_status":"closed","ping_status":"closed","template":"","meta":[],"_links":{"self":[{"href":"http:\/\/demo.zerbilisim.com\/alba\/wp-json\/wp\/v2\/pages\/76"}],"collection":[{"href":"http:\/\/demo.zerbilisim.com\/alba\/wp-json\/wp\/v2\/pages"}],"about":[{"href":"http:\/\/demo.zerbilisim.com\/alba\/wp-json\/wp\/v2\/types\/page"}],"author":[{"embeddable":true,"href":"http:\/\/demo.zerbilisim.com\/alba\/wp-json\/wp\/v2\/users\/1"}],"replies":[{"embeddable":true,"href":"http:\/\/demo.zerbilisim.com\/alba\/wp-json\/wp\/v2\/comments?post=76"}],"version-history":[{"count":3,"href":"http:\/\/demo.zerbilisim.com\/alba\/wp-json\/wp\/v2\/pages\/76\/revisions"}],"predecessor-version":[{"id":170,"href":"http:\/\/demo.zerbilisim.com\/alba\/wp-json\/wp\/v2\/pages\/76\/revisions\/170"}],"wp:featuredmedia":[{"embeddable":true,"href":"http:\/\/demo.zerbilisim.com\/alba\/wp-json\/wp\/v2\/media\/105"}],"wp:attachment":[{"href":"http:\/\/demo.zerbilisim.com\/alba\/wp-json\/wp\/v2\/media?parent=76"}],"curies":[{"name":"wp","href":"https:\/\/api.w.org\/{rel}","templated":true}]}}