{"id":57,"date":"2021-10-13T11:06:07","date_gmt":"2021-10-13T11:06:07","guid":{"rendered":"http:\/\/demo.zerbilisim.com\/alba\/?page_id=57"},"modified":"2022-01-21T14:44:22","modified_gmt":"2022-01-21T14:44:22","slug":"referanslar","status":"publish","type":"page","link":"http:\/\/demo.zerbilisim.com\/alba\/referanslar\/","title":{"rendered":"Referanslar"},"content":{"rendered":"<div class=\"vce-row-container\" data-vce-boxed-width=\"true\"><div class=\"vce-row vce-row--col-gap-30 vce-row-equal-height vce-row-content--top\" id=\"el-431f00f8\" data-vce-do-apply=\"all el-431f00f8\"><div class=\"vce-row-content\" data-vce-element-content=\"true\"><div class=\"vce-col vce-col--md-auto vce-col--xs-1 vce-col--xs-last vce-col--xs-first vce-col--sm-last vce-col--sm-first vce-col--md-first vce-col--lg-first vce-col--xl-first\" id=\"el-766c794e\"><div class=\"vce-col-inner\" data-vce-do-apply=\"border margin background  el-766c794e\"><div class=\"vce-col-content\" data-vce-element-content=\"true\" data-vce-do-apply=\"padding el-766c794e\"><div class=\"vce-single-image-container vce-single-image--align-left\"><div class=\"vce vce-single-image-wrapper\" id=\"el-03bb711f\" data-vce-do-apply=\"all el-03bb711f\"><figure><div class=\"vce-single-image-inner vce-single-image--absolute\" style=\"padding-bottom: 56.25%; width: 1024px;\"><img loading=\"lazy\" class=\"vce-single-image vcv-lozad\" data-src=\"http:\/\/demo.zerbilisim.com\/alba\/wp-content\/uploads\/2021\/12\/valilik.png\" width=\"1024\" height=\"576\" src=\"\" data-img-src=\"http:\/\/demo.zerbilisim.com\/alba\/wp-content\/uploads\/2021\/12\/valilik.png\" alt=\"\" title=\"valilik\" \/><noscript>\n        <img loading=\"lazy\" class=\"vce-single-image\" src=\"http:\/\/demo.zerbilisim.com\/alba\/wp-content\/uploads\/2021\/12\/valilik.png\" width=\"1024\" height=\"576\" alt=\"\" title=\"valilik\" \/>\n      <\/noscript><\/div><figcaption hidden=\"\"><\/figcaption><\/figure><\/div><\/div><\/div><\/div><\/div><div class=\"vce-col vce-col--md-auto vce-col--xs-1 vce-col--xs-last vce-col--xs-first vce-col--sm-last vce-col--sm-first\" id=\"el-154d1176\"><div class=\"vce-col-inner\" data-vce-do-apply=\"border margin background  el-154d1176\"><div class=\"vce-col-content\" data-vce-element-content=\"true\" data-vce-do-apply=\"padding el-154d1176\"><div class=\"vce-single-image-container vce-single-image--align-left\"><div class=\"vce vce-single-image-wrapper\" id=\"el-a6be1521\" data-vce-do-apply=\"all el-a6be1521\"><figure><div class=\"vce-single-image-inner vce-single-image--absolute\" style=\"padding-bottom: 56.25%; width: 1024px;\"><img loading=\"lazy\" class=\"vce-single-image vcv-lozad\" data-src=\"http:\/\/demo.zerbilisim.com\/alba\/wp-content\/uploads\/2021\/12\/bandirmaref.png\" width=\"1024\" height=\"576\" src=\"\" data-img-src=\"http:\/\/demo.zerbilisim.com\/alba\/wp-content\/uploads\/2021\/12\/bandirmaref.png\" alt=\"\" title=\"band\u0131rmaref\" \/><noscript>\n        <img loading=\"lazy\" class=\"vce-single-image\" src=\"http:\/\/demo.zerbilisim.com\/alba\/wp-content\/uploads\/2021\/12\/bandirmaref.png\" width=\"1024\" height=\"576\" alt=\"\" title=\"band\u0131rmaref\" \/>\n      <\/noscript><\/div><figcaption hidden=\"\"><\/figcaption><\/figure><\/div><\/div><\/div><\/div><\/div><div class=\"vce-col vce-col--md-auto vce-col--xs-1 vce-col--xs-last vce-col--xs-first vce-col--sm-last vce-col--sm-first vce-col--md-last vce-col--lg-last vce-col--xl-last\" id=\"el-411b9e07\"><div class=\"vce-col-inner\" data-vce-do-apply=\"border margin background  el-411b9e07\"><div class=\"vce-col-content\" data-vce-element-content=\"true\" data-vce-do-apply=\"padding el-411b9e07\"><div class=\"vce-single-image-container vce-single-image--align-center\"><div class=\"vce vce-single-image-wrapper\" id=\"el-22a6fe5f\" data-vce-do-apply=\"all el-22a6fe5f\"><figure><div class=\"vce-single-image-inner vce-single-image--absolute\" style=\"padding-bottom: 108.293%; width: 205px;\"><img loading=\"lazy\" class=\"vce-single-image vcv-lozad\" data-src=\"http:\/\/demo.zerbilisim.com\/alba\/wp-content\/uploads\/2021\/12\/ikilog-2.jpg\" width=\"205\" height=\"222\" src=\"\" data-img-src=\"http:\/\/demo.zerbilisim.com\/alba\/wp-content\/uploads\/2021\/12\/ikilog-2.jpg\" alt=\"\" title=\"ikilog\" \/><noscript>\n        <img loading=\"lazy\" class=\"vce-single-image\" src=\"http:\/\/demo.zerbilisim.com\/alba\/wp-content\/uploads\/2021\/12\/ikilog-2.jpg\" width=\"205\" height=\"222\" alt=\"\" title=\"ikilog\" \/>\n      <\/noscript><\/div><figcaption hidden=\"\"><\/figcaption><\/figure><\/div><\/div><\/div><\/div><\/div><\/div><\/div><\/div><div class=\"vce-row-container\" data-vce-boxed-width=\"true\"><div class=\"vce-row vce-row--col-gap-30 vce-row-equal-height vce-row-content--top\" id=\"el-ea7bd94e\" data-vce-do-apply=\"all el-ea7bd94e\"><div class=\"vce-row-content\" data-vce-element-content=\"true\"><div class=\"vce-col vce-col--md-auto vce-col--xs-1 vce-col--xs-last vce-col--xs-first vce-col--sm-last vce-col--sm-first vce-col--md-first vce-col--lg-first vce-col--xl-first\" id=\"el-84b643d3\"><div class=\"vce-col-inner\" data-vce-do-apply=\"border margin background  el-84b643d3\"><div class=\"vce-col-content\" data-vce-element-content=\"true\" data-vce-do-apply=\"padding el-84b643d3\"><div class=\"vce-single-image-container vce-single-image--align-left\"><div class=\"vce vce-single-image-wrapper\" id=\"el-a07c7ba4\" data-vce-do-apply=\"all el-a07c7ba4\"><figure><div class=\"vce-single-image-inner vce-single-image--absolute\" style=\"padding-bottom: 56.25%; width: 1024px;\"><img loading=\"lazy\" class=\"vce-single-image vcv-lozad\" data-src=\"http:\/\/demo.zerbilisim.com\/alba\/wp-content\/uploads\/2021\/12\/istbb.png\" width=\"1024\" height=\"576\" src=\"\" data-img-src=\"http:\/\/demo.zerbilisim.com\/alba\/wp-content\/uploads\/2021\/12\/istbb.png\" alt=\"\" title=\"istbb\" \/><noscript>\n        <img loading=\"lazy\" class=\"vce-single-image\" src=\"http:\/\/demo.zerbilisim.com\/alba\/wp-content\/uploads\/2021\/12\/istbb.png\" width=\"1024\" height=\"576\" alt=\"\" title=\"istbb\" \/>\n      <\/noscript><\/div><figcaption hidden=\"\"><\/figcaption><\/figure><\/div><\/div><\/div><\/div><\/div><div class=\"vce-col vce-col--md-auto vce-col--xs-1 vce-col--xs-last vce-col--xs-first vce-col--sm-last vce-col--sm-first\" id=\"el-c88203ca\"><div class=\"vce-col-inner\" data-vce-do-apply=\"border margin background  el-c88203ca\"><div class=\"vce-col-content\" data-vce-element-content=\"true\" data-vce-do-apply=\"padding el-c88203ca\"><div class=\"vce-single-image-container vce-single-image--align-left\"><div class=\"vce vce-single-image-wrapper\" id=\"el-e4843453\" data-vce-do-apply=\"all el-e4843453\"><figure><div class=\"vce-single-image-inner vce-single-image--absolute\" style=\"padding-bottom: 56.25%; width: 1024px;\"><img loading=\"lazy\" class=\"vce-single-image vcv-lozad\" data-src=\"http:\/\/demo.zerbilisim.com\/alba\/wp-content\/uploads\/2021\/12\/sultangazibel.png\" width=\"1024\" height=\"576\" src=\"\" data-img-src=\"http:\/\/demo.zerbilisim.com\/alba\/wp-content\/uploads\/2021\/12\/sultangazibel.png\" alt=\"\" title=\"sultangazibel\" \/><noscript>\n        <img loading=\"lazy\" class=\"vce-single-image\" src=\"http:\/\/demo.zerbilisim.com\/alba\/wp-content\/uploads\/2021\/12\/sultangazibel.png\" width=\"1024\" height=\"576\" alt=\"\" title=\"sultangazibel\" \/>\n      <\/noscript><\/div><figcaption hidden=\"\"><\/figcaption><\/figure><\/div><\/div><\/div><\/div><\/div><div class=\"vce-col vce-col--md-auto vce-col--xs-1 vce-col--xs-last vce-col--xs-first vce-col--sm-last vce-col--sm-first vce-col--md-last vce-col--lg-last vce-col--xl-last\" id=\"el-d399d80c\"><div class=\"vce-col-inner\" data-vce-do-apply=\"border margin background  el-d399d80c\"><div class=\"vce-col-content\" data-vce-element-content=\"true\" data-vce-do-apply=\"padding el-d399d80c\"><div class=\"vce-single-image-container vce-single-image--align-left\"><div class=\"vce vce-single-image-wrapper\" id=\"el-e5bb6763\" data-vce-do-apply=\"all el-e5bb6763\"><figure><div class=\"vce-single-image-inner vce-single-image--absolute\" style=\"padding-bottom: 56.25%; width: 1024px;\"><img loading=\"lazy\" class=\"vce-single-image vcv-lozad\" data-src=\"http:\/\/demo.zerbilisim.com\/alba\/wp-content\/uploads\/2021\/12\/bevlerbel.png\" width=\"1024\" height=\"576\" src=\"\" data-img-src=\"http:\/\/demo.zerbilisim.com\/alba\/wp-content\/uploads\/2021\/12\/bevlerbel.png\" alt=\"\" title=\"bevlerbel\" \/><noscript>\n        <img loading=\"lazy\" class=\"vce-single-image\" src=\"http:\/\/demo.zerbilisim.com\/alba\/wp-content\/uploads\/2021\/12\/bevlerbel.png\" width=\"1024\" height=\"576\" alt=\"\" title=\"bevlerbel\" \/>\n      <\/noscript><\/div><figcaption hidden=\"\"><\/figcaption><\/figure><\/div><\/div><\/div><\/div><\/div><\/div><\/div><\/div><div class=\"vce-row-container\" data-vce-boxed-width=\"true\"><div class=\"vce-row vce-row--col-gap-30 vce-row-equal-height vce-row-content--top\" id=\"el-66006a4a\" data-vce-do-apply=\"all el-66006a4a\"><div class=\"vce-row-content\" data-vce-element-content=\"true\"><div class=\"vce-col vce-col--md-auto vce-col--xs-1 vce-col--xs-last vce-col--xs-first vce-col--sm-last vce-col--sm-first vce-col--md-first vce-col--lg-first vce-col--xl-first\" id=\"el-4280914c\"><div class=\"vce-col-inner\" data-vce-do-apply=\"border margin background  el-4280914c\"><div class=\"vce-col-content\" data-vce-element-content=\"true\" data-vce-do-apply=\"padding el-4280914c\"><div class=\"vce-single-image-container vce-single-image--align-left\"><div class=\"vce vce-single-image-wrapper\" id=\"el-5e15b1ac\" data-vce-do-apply=\"all el-5e15b1ac\"><figure><div class=\"vce-single-image-inner vce-single-image--absolute\" style=\"padding-bottom: 56.25%; width: 1024px;\"><img loading=\"lazy\" class=\"vce-single-image vcv-lozad\" data-src=\"http:\/\/demo.zerbilisim.com\/alba\/wp-content\/uploads\/2021\/12\/nevsehirhacibektas.png\" width=\"1024\" height=\"576\" src=\"\" data-img-src=\"http:\/\/demo.zerbilisim.com\/alba\/wp-content\/uploads\/2021\/12\/nevsehirhacibektas.png\" alt=\"\" title=\"nev\u015fehirhac\u0131bekta\u015f\" \/><noscript>\n        <img loading=\"lazy\" class=\"vce-single-image\" src=\"http:\/\/demo.zerbilisim.com\/alba\/wp-content\/uploads\/2021\/12\/nevsehirhacibektas.png\" width=\"1024\" height=\"576\" alt=\"\" title=\"nev\u015fehirhac\u0131bekta\u015f\" \/>\n      <\/noscript><\/div><figcaption hidden=\"\"><\/figcaption><\/figure><\/div><\/div><\/div><\/div><\/div><div class=\"vce-col vce-col--md-auto vce-col--xs-1 vce-col--xs-last vce-col--xs-first vce-col--sm-last vce-col--sm-first\" id=\"el-5a8a9733\"><div class=\"vce-col-inner\" data-vce-do-apply=\"border margin background  el-5a8a9733\"><div class=\"vce-col-content\" data-vce-element-content=\"true\" data-vce-do-apply=\"padding el-5a8a9733\"><div class=\"vce-single-image-container vce-single-image--align-left\"><div class=\"vce vce-single-image-wrapper\" id=\"el-ee4bfbb0\" data-vce-do-apply=\"all el-ee4bfbb0\"><figure><div class=\"vce-single-image-inner vce-single-image--absolute\" style=\"padding-bottom: 56.25%; width: 1024px;\"><img loading=\"lazy\" class=\"vce-single-image vcv-lozad\" data-src=\"http:\/\/demo.zerbilisim.com\/alba\/wp-content\/uploads\/2021\/12\/kcekmecebelediyesi.png\" width=\"1024\" height=\"576\" src=\"\" data-img-src=\"http:\/\/demo.zerbilisim.com\/alba\/wp-content\/uploads\/2021\/12\/kcekmecebelediyesi.png\" alt=\"\" title=\"k\u00e7ekmecebelediyesi\" \/><noscript>\n        <img loading=\"lazy\" class=\"vce-single-image\" src=\"http:\/\/demo.zerbilisim.com\/alba\/wp-content\/uploads\/2021\/12\/kcekmecebelediyesi.png\" width=\"1024\" height=\"576\" alt=\"\" title=\"k\u00e7ekmecebelediyesi\" \/>\n      <\/noscript><\/div><figcaption hidden=\"\"><\/figcaption><\/figure><\/div><\/div><\/div><\/div><\/div><div class=\"vce-col vce-col--md-auto vce-col--xs-1 vce-col--xs-last vce-col--xs-first vce-col--sm-last vce-col--sm-first vce-col--md-last vce-col--lg-last vce-col--xl-last\" id=\"el-ba46fd6c\"><div class=\"vce-col-inner\" data-vce-do-apply=\"border margin background  el-ba46fd6c\"><div class=\"vce-col-content\" data-vce-element-content=\"true\" data-vce-do-apply=\"padding el-ba46fd6c\"><\/div><\/div><\/div><\/div><\/div><\/div>\n","protected":false},"excerpt":{"rendered":"","protected":false},"author":1,"featured_media":0,"parent":0,"menu_order":0,"comment_status":"closed","ping_status":"closed","template":"","meta":[],"_links":{"self":[{"href":"http:\/\/demo.zerbilisim.com\/alba\/wp-json\/wp\/v2\/pages\/57"}],"collection":[{"href":"http:\/\/demo.zerbilisim.com\/alba\/wp-json\/wp\/v2\/pages"}],"about":[{"href":"http:\/\/demo.zerbilisim.com\/alba\/wp-json\/wp\/v2\/types\/page"}],"author":[{"embeddable":true,"href":"http:\/\/demo.zerbilisim.com\/alba\/wp-json\/wp\/v2\/users\/1"}],"replies":[{"embeddable":true,"href":"http:\/\/demo.zerbilisim.com\/alba\/wp-json\/wp\/v2\/comments?post=57"}],"version-history":[{"count":3,"href":"http:\/\/demo.zerbilisim.com\/alba\/wp-json\/wp\/v2\/pages\/57\/revisions"}],"predecessor-version":[{"id":725,"href":"http:\/\/demo.zerbilisim.com\/alba\/wp-json\/wp\/v2\/pages\/57\/revisions\/725"}],"wp:attachment":[{"href":"http:\/\/demo.zerbilisim.com\/alba\/wp-json\/wp\/v2\/media?parent=57"}],"curies":[{"name":"wp","href":"https:\/\/api.w.org\/{rel}","templated":true}]}}