{"id":31,"date":"2021-10-13T10:55:09","date_gmt":"2021-10-13T10:55:09","guid":{"rendered":"http:\/\/demo.zerbilisim.com\/alba\/?page_id=31"},"modified":"2022-01-21T14:47:36","modified_gmt":"2022-01-21T14:47:36","slug":"anasayfa","status":"publish","type":"page","link":"http:\/\/demo.zerbilisim.com\/alba\/","title":{"rendered":"Anasayfa"},"content":{"rendered":"<div class=\"vce-row-container\" data-vce-boxed-width=\"true\"><div class=\"vce-row vce-row--col-gap-30 vce-row-equal-height vce-row-content--top\" id=\"el-074052bd\" data-vce-do-apply=\"all el-074052bd\"><div class=\"vce-row-content\" data-vce-element-content=\"true\"><div class=\"vce-col vce-col--md-auto vce-col--xs-1 vce-col--xs-last vce-col--xs-first vce-col--sm-last vce-col--sm-first vce-col--md-last vce-col--lg-last vce-col--xl-last vce-col--md-first vce-col--lg-first vce-col--xl-first\" id=\"el-45f490b2\"><div class=\"vce-col-inner\" data-vce-do-apply=\"border margin background  el-45f490b2\"><div class=\"vce-col-content\" data-vce-element-content=\"true\" data-vce-do-apply=\"padding el-45f490b2\"><div class=\"vce-text-block\"><div class=\"vce-text-block-wrapper vce\" id=\"el-4af31d33\" data-vce-do-apply=\"all el-4af31d33\"><p>[vc_row][vc_column][\/vc_column][\/vc_row]<\/p>\n<\/div><\/div><\/div><\/div><\/div><\/div><\/div><\/div><div class=\"vce-row-container\" data-vce-boxed-width=\"true\"><div class=\"vce-row vce-row--col-gap-30 vce-row-equal-height vce-row-content--top\" id=\"el-2fc3bc31\" data-vce-do-apply=\"all el-2fc3bc31\"><div class=\"vce-row-content\" data-vce-element-content=\"true\"><div class=\"vce-col vce-col--md-auto vce-col--xs-1 vce-col--xs-last vce-col--xs-first vce-col--sm-last vce-col--sm-first vce-col--md-last vce-col--lg-last vce-col--xl-last vce-col--md-first vce-col--lg-first vce-col--xl-first\" id=\"el-655682a9\"><div class=\"vce-col-inner\" data-vce-do-apply=\"border margin background  el-655682a9\"><div class=\"vce-col-content\" data-vce-element-content=\"true\" data-vce-do-apply=\"padding el-655682a9\"><div class=\"vce-simple-image-slider\" style=\"--backgroundPosition:center center; --pointerColor:#fff; --pointerColorHover:#fd9a00;\"><div class=\"vce-simple-image-slider-wrapper vce vce-simple-image-slider-shape--rounded\" id=\"el-d7ce4157\" data-vce-do-apply=\"all el-d7ce4157\"><div class=\"vce-simple-image-slider-helper vce-simple-image-slider-aspect-ratio--custom\" style=\"padding-top: 46.1538%;\"><div class=\"vce-simple-image-slider-list\" data-slick-autoplay=\"on\" data-slick-autoplay-delay=\"5000\" data-slick-effect=\"slideIn\" data-slick-dots=\"on\" data-slick-arrows=\"off\"><div class=\"slick-list\"><div class=\"slick-track\"><div class=\"vce-simple-image-slider-item vc-slick-item\"><div style=\"background-image:url(http:\/\/demo.zerbilisim.com\/alba\/wp-content\/uploads\/2021\/12\/ibb-sultangazi.png)\" class=\"vce-simple-image-slider-img vce-simple-image-slider-img--scale\"><img class=\"\" src=\"http:\/\/demo.zerbilisim.com\/alba\/wp-content\/uploads\/2021\/12\/ibb-sultangazi.png\" style=\"display:none\" alt=\"\"><\/div><\/div><div class=\"vce-simple-image-slider-item vc-slick-item\"><div style=\"background-image:url(http:\/\/demo.zerbilisim.com\/alba\/wp-content\/uploads\/2021\/12\/bahcelievlerbelediyesiteknikhizmetlerbinasi.png)\" class=\"vce-simple-image-slider-img vce-simple-image-slider-img--scale\"><img class=\"\" src=\"http:\/\/demo.zerbilisim.com\/alba\/wp-content\/uploads\/2021\/12\/bahcelievlerbelediyesiteknikhizmetlerbinasi.png\" style=\"display:none\" alt=\"\"><\/div><\/div><div class=\"vce-simple-image-slider-item vc-slick-item\"><div style=\"background-image:url(http:\/\/demo.zerbilisim.com\/alba\/wp-content\/uploads\/2021\/12\/iosb-endustrimesleklisesi.png)\" class=\"vce-simple-image-slider-img vce-simple-image-slider-img--scale\"><img class=\"\" src=\"http:\/\/demo.zerbilisim.com\/alba\/wp-content\/uploads\/2021\/12\/iosb-endustrimesleklisesi.png\" style=\"display:none\" alt=\"\"><\/div><\/div><div class=\"vce-simple-image-slider-item vc-slick-item\"><div style=\"background-image:url(http:\/\/demo.zerbilisim.com\/alba\/wp-content\/uploads\/2021\/12\/huzurevi.png)\" class=\"vce-simple-image-slider-img vce-simple-image-slider-img--scale\"><img class=\"\" src=\"http:\/\/demo.zerbilisim.com\/alba\/wp-content\/uploads\/2021\/12\/huzurevi.png\" style=\"display:none\" alt=\"\"><\/div><\/div><div class=\"vce-simple-image-slider-item vc-slick-item\"><div style=\"background-image:url(http:\/\/demo.zerbilisim.com\/alba\/wp-content\/uploads\/2021\/12\/sultanciftligihizmettesisleri.png)\" class=\"vce-simple-image-slider-img vce-simple-image-slider-img--scale\"><img class=\"\" src=\"http:\/\/demo.zerbilisim.com\/alba\/wp-content\/uploads\/2021\/12\/sultanciftligihizmettesisleri.png\" style=\"display:none\" alt=\"\"><\/div><\/div><div class=\"vce-simple-image-slider-item vc-slick-item\"><div style=\"background-image:url(http:\/\/demo.zerbilisim.com\/alba\/wp-content\/uploads\/2021\/12\/Ikitelli-Organize-Sanayi-Bolge-Baskanligi-Binasi-Yapim-Isi.png)\" class=\"vce-simple-image-slider-img vce-simple-image-slider-img--scale\"><img class=\"\" src=\"http:\/\/demo.zerbilisim.com\/alba\/wp-content\/uploads\/2021\/12\/Ikitelli-Organize-Sanayi-Bolge-Baskanligi-Binasi-Yapim-Isi.png\" style=\"display:none\" alt=\"\"><\/div><\/div><div class=\"vce-simple-image-slider-item vc-slick-item\"><div style=\"background-image:url(http:\/\/demo.zerbilisim.com\/alba\/wp-content\/uploads\/2021\/12\/yenibosna.png)\" class=\"vce-simple-image-slider-img vce-simple-image-slider-img--scale\"><img class=\"\" src=\"http:\/\/demo.zerbilisim.com\/alba\/wp-content\/uploads\/2021\/12\/yenibosna.png\" style=\"display:none\" alt=\"\"><\/div><\/div><div class=\"vce-simple-image-slider-item vc-slick-item\"><div style=\"background-image:url(http:\/\/demo.zerbilisim.com\/alba\/wp-content\/uploads\/2021\/12\/itfaiye.png)\" class=\"vce-simple-image-slider-img vce-simple-image-slider-img--scale\"><img class=\"\" src=\"http:\/\/demo.zerbilisim.com\/alba\/wp-content\/uploads\/2021\/12\/itfaiye.png\" style=\"display:none\" alt=\"\"><\/div><\/div><div class=\"vce-simple-image-slider-item vc-slick-item\"><div style=\"background-image:url(http:\/\/demo.zerbilisim.com\/alba\/wp-content\/uploads\/2021\/12\/anaokulu.png)\" class=\"vce-simple-image-slider-img vce-simple-image-slider-img--scale\"><img class=\"\" src=\"http:\/\/demo.zerbilisim.com\/alba\/wp-content\/uploads\/2021\/12\/anaokulu.png\" style=\"display:none\" alt=\"\"><\/div><\/div><div class=\"vce-simple-image-slider-item vc-slick-item\"><div style=\"background-image:url(http:\/\/demo.zerbilisim.com\/alba\/wp-content\/uploads\/2021\/12\/hukukcu-koop.png)\" class=\"vce-simple-image-slider-img vce-simple-image-slider-img--scale\"><img class=\"\" src=\"http:\/\/demo.zerbilisim.com\/alba\/wp-content\/uploads\/2021\/12\/hukukcu-koop.png\" style=\"display:none\" alt=\"\"><\/div><\/div><div class=\"vce-simple-image-slider-item vc-slick-item\"><div style=\"background-image:url(http:\/\/demo.zerbilisim.com\/alba\/wp-content\/uploads\/2021\/12\/Yakuplulise.png)\" class=\"vce-simple-image-slider-img vce-simple-image-slider-img--scale\"><img class=\"\" src=\"http:\/\/demo.zerbilisim.com\/alba\/wp-content\/uploads\/2021\/12\/Yakuplulise.png\" style=\"display:none\" alt=\"\"><\/div><\/div><div class=\"vce-simple-image-slider-item vc-slick-item\"><div style=\"background-image:url(http:\/\/demo.zerbilisim.com\/alba\/wp-content\/uploads\/2021\/12\/cekmekoyimam.png)\" class=\"vce-simple-image-slider-img vce-simple-image-slider-img--scale\"><img class=\"\" src=\"http:\/\/demo.zerbilisim.com\/alba\/wp-content\/uploads\/2021\/12\/cekmekoyimam.png\" style=\"display:none\" alt=\"\"><\/div><\/div><div class=\"vce-simple-image-slider-item vc-slick-item\"><div style=\"background-image:url(http:\/\/demo.zerbilisim.com\/alba\/wp-content\/uploads\/2021\/12\/Alibeykoy-Saha.png)\" class=\"vce-simple-image-slider-img vce-simple-image-slider-img--scale\"><img class=\"\" src=\"http:\/\/demo.zerbilisim.com\/alba\/wp-content\/uploads\/2021\/12\/Alibeykoy-Saha.png\" style=\"display:none\" alt=\"\"><\/div><\/div><div class=\"vce-simple-image-slider-item vc-slick-item\"><div style=\"background-image:url(http:\/\/demo.zerbilisim.com\/alba\/wp-content\/uploads\/2021\/12\/altyapi.png)\" class=\"vce-simple-image-slider-img vce-simple-image-slider-img--scale\"><img class=\"\" src=\"http:\/\/demo.zerbilisim.com\/alba\/wp-content\/uploads\/2021\/12\/altyapi.png\" style=\"display:none\" alt=\"\"><\/div><\/div><div class=\"vce-simple-image-slider-item vc-slick-item\"><div style=\"background-image:url(http:\/\/demo.zerbilisim.com\/alba\/wp-content\/uploads\/2021\/12\/nevsehir.png)\" class=\"vce-simple-image-slider-img vce-simple-image-slider-img--scale\"><img class=\"\" src=\"http:\/\/demo.zerbilisim.com\/alba\/wp-content\/uploads\/2021\/12\/nevsehir.png\" style=\"display:none\" alt=\"\"><\/div><\/div><div class=\"vce-simple-image-slider-item vc-slick-item\"><div style=\"background-image:url(http:\/\/demo.zerbilisim.com\/alba\/wp-content\/uploads\/2021\/12\/nevsehiruniekbina.png)\" class=\"vce-simple-image-slider-img vce-simple-image-slider-img--scale\"><img class=\"\" src=\"http:\/\/demo.zerbilisim.com\/alba\/wp-content\/uploads\/2021\/12\/nevsehiruniekbina.png\" style=\"display:none\" alt=\"\"><\/div><\/div><div class=\"vce-simple-image-slider-item vc-slick-item\"><div style=\"background-image:url(http:\/\/demo.zerbilisim.com\/alba\/wp-content\/uploads\/2021\/12\/bandirma17eylul1.jpeg)\" class=\"vce-simple-image-slider-img vce-simple-image-slider-img--scale\"><img class=\"\" src=\"http:\/\/demo.zerbilisim.com\/alba\/wp-content\/uploads\/2021\/12\/bandirma17eylul1.jpeg\" style=\"display:none\" alt=\"\"><\/div><\/div><\/div><\/div><\/div><div class=\"vce-simple-image-slider-dots\"><\/div><\/div><\/div><\/div><\/div><\/div><\/div><\/div><\/div><\/div><div class=\"vce-row-container\" data-vce-boxed-width=\"true\"><div class=\"vce-row vce-row--col-gap-30 vce-row-equal-height vce-row-content--top\" id=\"el-37c57a84\" data-vce-do-apply=\"all el-37c57a84\"><div class=\"vce-content-background-container\"><\/div><div class=\"vce-row-content\" data-vce-element-content=\"true\"><div class=\"vce-col vce-col--md-auto vce-col--xs-1 vce-col--xs-last vce-col--xs-first vce-col--sm-last vce-col--sm-first vce-col--md-first vce-col--lg-first vce-col--xl-first\" id=\"el-47c0c099\"><div class=\"vce-col-inner\" data-vce-do-apply=\"border margin background  el-47c0c099\"><div class=\"vce-col-content\" data-vce-element-content=\"true\" data-vce-do-apply=\"padding el-47c0c099\"><div class=\"vce-text-block\"><div class=\"vce-text-block-wrapper vce\" id=\"el-4691a10b\" data-vce-do-apply=\"all el-4691a10b\"><p style=\"text-align: center;\"><strong><span style=\"font-style: normal; font-family: 'trebuchet ms', geneva, sans-serif; letter-spacing: inherit;\">TAMAMLANAN PROJELER<\/span><\/strong><\/p><\/div><\/div><div class=\"vce-single-image-container vce-single-image--align-center\"><div class=\"vce vce-single-image-wrapper\" id=\"el-361e28d2\" data-vce-do-apply=\"all el-361e28d2\"><figure><div class=\"vce-single-image-inner vce-single-image--absolute vce-single-image--border-rounded\" style=\"padding-bottom: 56.25%; width: 1024px;\"><img loading=\"lazy\" class=\"vce-single-image vcv-lozad\" data-src=\"http:\/\/demo.zerbilisim.com\/alba\/wp-content\/uploads\/2021\/12\/anaokulu.png\" width=\"1024\" height=\"576\" src=\"\" data-img-src=\"http:\/\/demo.zerbilisim.com\/alba\/wp-content\/uploads\/2021\/12\/anaokulu.png\" alt=\"\" title=\"anaokulu\" \/><noscript>\n        <img loading=\"lazy\" class=\"vce-single-image\" src=\"http:\/\/demo.zerbilisim.com\/alba\/wp-content\/uploads\/2021\/12\/anaokulu.png\" width=\"1024\" height=\"576\" alt=\"\" title=\"anaokulu\" \/>\n      <\/noscript><\/div><figcaption hidden=\"\"><\/figcaption><\/figure><\/div><\/div><div class=\"vce-button--style-outline-container vce-button--style-outline-container--align-center\"><span class=\"vce-button--style-outline-wrapper vce\" id=\"el-9e46259e\" data-vce-do-apply=\"margin el-9e46259e\"><a class=\"vce-button--style-outline-animated vce-button--style-outline--border-rounded vce-button--style-outline--size-medium vce-button--style-outline-animated--color-b-106-106-106--fff--3d3d3d vce-button--style-outline-animated--border-color-b-106-106-106--3d3d3d vce-button--style-outline-animated--background-color-3d3d3d\" href=\"http:\/\/demo.zerbilisim.com\/alba\/tamamlanan-projeler\/\" title=\"\" data-vce-do-apply=\"padding border background  el-9e46259e\"><span class=\"vce-button--style-outline-text\">Devam\u0131n\u0131 G\u00f6r<\/span><\/a><\/span><\/div><\/div><\/div><\/div><div class=\"vce-col vce-col--md-auto vce-col--xs-1 vce-col--xs-last vce-col--xs-first vce-col--sm-last vce-col--sm-first\" id=\"el-2fd63e6b\"><div class=\"vce-col-inner\" data-vce-do-apply=\"border margin background  el-2fd63e6b\"><div class=\"vce-col-content\" data-vce-element-content=\"true\" data-vce-do-apply=\"padding el-2fd63e6b\"><div class=\"vce-text-block\"><div class=\"vce-text-block-wrapper vce\" id=\"el-2e6224d0\" data-vce-do-apply=\"all el-2e6224d0\"><p style=\"text-align: center;\"><strong><span style=\"font-family: trebuchet ms, geneva, sans-serif;\"><span style=\"font-size: 16px;\">DEVAM EDEN <span style=\"font-family: inherit;\">PROJELER<\/span><\/span><\/span><\/strong><\/p><\/div><\/div><div class=\"vce-single-image-container vce-single-image--align-left\"><div class=\"vce vce-single-image-wrapper\" id=\"el-89645151\" data-vce-do-apply=\"all el-89645151\"><figure><div class=\"vce-single-image-inner vce-single-image--absolute vce-single-image--border-rounded\" style=\"padding-bottom: 56.25%; width: 1024px;\"><img loading=\"lazy\" class=\"vce-single-image vcv-lozad\" data-src=\"http:\/\/demo.zerbilisim.com\/alba\/wp-content\/uploads\/2021\/12\/nevsehir.png\" width=\"1024\" height=\"576\" src=\"\" data-img-src=\"http:\/\/demo.zerbilisim.com\/alba\/wp-content\/uploads\/2021\/12\/nevsehir.png\" alt=\"\" title=\"nev\u015fehir\" \/><noscript>\n        <img loading=\"lazy\" class=\"vce-single-image\" src=\"http:\/\/demo.zerbilisim.com\/alba\/wp-content\/uploads\/2021\/12\/nevsehir.png\" width=\"1024\" height=\"576\" alt=\"\" title=\"nev\u015fehir\" \/>\n      <\/noscript><\/div><figcaption hidden=\"\"><\/figcaption><\/figure><\/div><\/div><div class=\"vce-button--style-outline-container vce-button--style-outline-container--align-center\"><span class=\"vce-button--style-outline-wrapper vce\" id=\"el-af9619ce\" data-vce-do-apply=\"margin el-af9619ce\"><a class=\"vce-button--style-outline-animated vce-button--style-outline--border-rounded vce-button--style-outline--size-medium vce-button--style-outline-animated--color-b-106-106-106--fff--3d3d3d vce-button--style-outline-animated--border-color-b-106-106-106--3d3d3d vce-button--style-outline-animated--background-color-3d3d3d\" href=\"http:\/\/demo.zerbilisim.com\/alba\/devam-eden-projeler\/\" title=\"\" data-vce-do-apply=\"padding border background  el-af9619ce\"><span class=\"vce-button--style-outline-text\">Devam\u0131n\u0131 G\u00f6r<\/span><\/a><\/span><\/div><\/div><\/div><\/div><div class=\"vce-col vce-col--md-auto vce-col--xs-1 vce-col--xs-last vce-col--xs-first vce-col--sm-last vce-col--sm-first vce-col--md-last vce-col--lg-last vce-col--xl-last\" id=\"el-3cbe4d5a\"><div class=\"vce-col-inner\" data-vce-do-apply=\"border margin background  el-3cbe4d5a\"><div class=\"vce-col-content\" data-vce-element-content=\"true\" data-vce-do-apply=\"padding el-3cbe4d5a\"><div class=\"vce-text-block\"><div class=\"vce-text-block-wrapper vce\" id=\"el-8ad72a20\" data-vce-do-apply=\"all el-8ad72a20\"><p style=\"text-align: center;\"><strong>T\u00dcM PROJELER<\/strong><\/p><\/div><\/div><div class=\"vce-single-image-container vce-single-image--align-center\"><div class=\"vce vce-single-image-wrapper\" id=\"el-382e0647\" data-vce-do-apply=\"all el-382e0647\"><figure><div class=\"vce-single-image-inner vce-single-image--absolute vce-single-image--border-rounded\" style=\"padding-bottom: 56.25%; width: 1024px;\"><img loading=\"lazy\" class=\"vce-single-image vcv-lozad\" data-src=\"http:\/\/demo.zerbilisim.com\/alba\/wp-content\/uploads\/2021\/12\/sultanciftligihizmettesisleri.png\" width=\"1024\" height=\"576\" src=\"\" data-img-src=\"http:\/\/demo.zerbilisim.com\/alba\/wp-content\/uploads\/2021\/12\/sultanciftligihizmettesisleri.png\" alt=\"\" title=\"sultan\u00e7iftli\u011fihizmettesisleri\" \/><noscript>\n        <img loading=\"lazy\" class=\"vce-single-image\" src=\"http:\/\/demo.zerbilisim.com\/alba\/wp-content\/uploads\/2021\/12\/sultanciftligihizmettesisleri.png\" width=\"1024\" height=\"576\" alt=\"\" title=\"sultan\u00e7iftli\u011fihizmettesisleri\" \/>\n      <\/noscript><\/div><figcaption hidden=\"\"><\/figcaption><\/figure><\/div><\/div><div class=\"vce-button--style-outline-container vce-button--style-outline-container--align-center\"><span class=\"vce-button--style-outline-wrapper vce\" id=\"el-4e7910b9\" data-vce-do-apply=\"margin el-4e7910b9\"><a class=\"vce-button--style-outline-animated vce-button--style-outline--border-rounded vce-button--style-outline--size-medium vce-button--style-outline-animated--color-b-106-106-106--fff--3d3d3d vce-button--style-outline-animated--border-color-b-106-106-106--3d3d3d vce-button--style-outline-animated--background-color-3d3d3d\" href=\"http:\/\/demo.zerbilisim.com\/alba\/tum-projeler\/\" title=\"\" data-vce-do-apply=\"padding border background  el-4e7910b9\"><span class=\"vce-button--style-outline-text\">Devam\u0131n\u0131 G\u00f6r<\/span><\/a><\/span><\/div><\/div><\/div><\/div><\/div><\/div><\/div><div class=\"vce-row-container\" data-vce-boxed-width=\"true\"><div class=\"vce-row vce-row--col-gap-30 vce-row-equal-height vce-row-content--top\" id=\"el-9b823d1e\" data-vce-do-apply=\"all el-9b823d1e\"><div class=\"vce-row-content\" data-vce-element-content=\"true\"><div class=\"vce-col vce-col--md-auto vce-col--xs-1 vce-col--xs-last vce-col--xs-first vce-col--sm-last vce-col--sm-first vce-col--md-last vce-col--lg-last vce-col--xl-last vce-col--md-first vce-col--lg-first vce-col--xl-first\" id=\"el-3c968783\"><div class=\"vce-col-inner\" data-vce-do-apply=\"border margin background  el-3c968783\"><div class=\"vce-col-content\" data-vce-element-content=\"true\" data-vce-do-apply=\"padding el-3c968783\"><section class=\"vce-feature-section-container vce-feature-section-media--xs\"><div class=\"vce vce-feature-section vce-feature-section--min-height vce-feature-section-background-color--b3a694\" id=\"el-af96f5e6\" data-vce-do-apply=\"margin background border  el-af96f5e6\"><div class=\"vce-feature-section-image vce-feature-section-image--alignment-right vce-feature-section-image--background-position-center-center\" style=\"background-image: url('http:\/\/demo.zerbilisim.com\/alba\/wp-content\/uploads\/2021\/10\/slider3.jpg');\"><\/div><div class=\"vce-feature-section-content\"><div class=\"vce-feature-section-content-container\" data-vce-do-apply=\"padding el-af96f5e6\"><div class=\"vce-feature-section-description\"><h1>Ge\u00e7mi\u015ften G\u00fcn\u00fcm\u00fcze Fakt\u00f6r Yap\u0131'n\u0131n Hikayesi<\/h1>\n<p class=\"has-text-align-left has-medium-font-size\">Fakt\u00f6r Yap\u0131 Taahh\u00fct Tic. Ltd. \u015eti. ve \u00f6zel kurulu\u015flar\u0131n her t\u00fcrl\u00fc \u00fcstyap\u0131 ve m\u00fchendislik ihtiya\u00e7lar\u0131na cevap vermek \u00fczere kurulmu\u015ftur.&nbsp;<\/p>\n<p class=\"has-text-align-left has-medium-font-size\">Y\u00fcklendi\u011fimiz i\u015fleri \u00fcst d\u00fczey kalite do\u011fru zamanlama ve ak\u0131lc\u0131 maliyetlendirme ile y\u00f6neterek y\u00fck\u00fcml\u00fcl\u00fcklerini kar\u015f\u0131lamay\u0131 ve beklentilerin \u00fczerine \u00e7\u0131kmay\u0131 kendisine misyon edinmi\u015ftir.&nbsp;<\/p><\/div><div class=\"vce-button--style-outline-container vce-button--style-outline-container--align-left\"><span class=\"vce-button--style-outline-wrapper vce\" id=\"el-5923e990\" data-vce-do-apply=\"margin el-5923e990\"><a class=\"vce-button--style-outline-animated vce-button--style-outline--border-square vce-button--style-outline--size-medium vce-button--style-outline-animated--color-e3e3e3--fff--3d3d3d vce-button--style-outline-animated--border-color-e3e3e3--3d3d3d vce-button--style-outline-animated--background-color-3d3d3d\" href=\"http:\/\/demo.zerbilisim.com\/alba\/hakkimizda\/\" title=\"\" data-vce-do-apply=\"padding border background  el-5923e990\"><span class=\"vce-button--style-outline-text\">Devam\u0131n\u0131 G\u00f6r<\/span><\/a><\/span><\/div><\/div><\/div><\/div><\/section><\/div><\/div><\/div><\/div><\/div><\/div>\n","protected":false},"excerpt":{"rendered":"<p>[vc_row][vc_column][\/vc_column][\/vc_row] TAMAMLANAN PROJELER Devam\u0131n\u0131 G\u00f6rDEVAM EDEN PROJELER Devam\u0131n\u0131 G\u00f6rT\u00dcM PROJELER Devam\u0131n\u0131 G\u00f6rGe\u00e7mi\u015ften G\u00fcn\u00fcm\u00fcze Fakt\u00f6r Yap\u0131&#8217;n\u0131n Hikayesi Fakt\u00f6r Yap\u0131 Taahh\u00fct Tic. Ltd. \u015eti. ve \u00f6zel kurulu\u015flar\u0131n her t\u00fcrl\u00fc \u00fcstyap\u0131 ve m\u00fchendislik [&hellip;]<\/p>\n","protected":false},"author":1,"featured_media":0,"parent":0,"menu_order":0,"comment_status":"closed","ping_status":"closed","template":"brizy-blank-template.php","meta":[],"_links":{"self":[{"href":"http:\/\/demo.zerbilisim.com\/alba\/wp-json\/wp\/v2\/pages\/31"}],"collection":[{"href":"http:\/\/demo.zerbilisim.com\/alba\/wp-json\/wp\/v2\/pages"}],"about":[{"href":"http:\/\/demo.zerbilisim.com\/alba\/wp-json\/wp\/v2\/types\/page"}],"author":[{"embeddable":true,"href":"http:\/\/demo.zerbilisim.com\/alba\/wp-json\/wp\/v2\/users\/1"}],"replies":[{"embeddable":true,"href":"http:\/\/demo.zerbilisim.com\/alba\/wp-json\/wp\/v2\/comments?post=31"}],"version-history":[{"count":404,"href":"http:\/\/demo.zerbilisim.com\/alba\/wp-json\/wp\/v2\/pages\/31\/revisions"}],"predecessor-version":[{"id":715,"href":"http:\/\/demo.zerbilisim.com\/alba\/wp-json\/wp\/v2\/pages\/31\/revisions\/715"}],"wp:attachment":[{"href":"http:\/\/demo.zerbilisim.com\/alba\/wp-json\/wp\/v2\/media?parent=31"}],"curies":[{"name":"wp","href":"https:\/\/api.w.org\/{rel}","templated":true}]}}